{"id":56971,"date":"2017-05-05T11:55:57","date_gmt":"2017-05-05T09:55:57","guid":{"rendered":"https:\/\/undsgn.com\/uncode_new\/?page_id=56971"},"modified":"2023-12-04T18:24:29","modified_gmt":"2023-12-04T17:24:29","slug":"o-nas","status":"publish","type":"page","link":"https:\/\/famlight.eu\/pl\/o-nas\/","title":{"rendered":"Kim jeste\u015bmy"},"content":{"rendered":"<div class=\"wpb-content-wrapper\"><div data-parent=\"true\" class=\"vc_row has-bg need-focus style-color-xsdn-bg row-container\" id=\"row-unique-0\"><div class=\"row full-width row-parent\" data-height-ratio=\"3\"><div class=\"wpb_row row-inner\"><div class=\"wpb_column pos-top pos-center align_left column_parent col-lg-12 single-internal-gutter\"><div class=\"uncol style-light\"  ><div class=\"uncoltable\"><div class=\"uncell no-block-padding\" ><div class=\"uncont\" ><\/div><\/div><\/div><\/div><\/div><script id=\"script-row-unique-0\" data-row=\"script-row-unique-0\" type=\"text\/javascript\" class=\"vc_controls\">UNCODE.initRow(document.getElementById(\"row-unique-0\"));<\/script><\/div><\/div><\/div><div data-parent=\"true\" class=\"vc_row row-container\" id=\"row-unique-1\"><div class=\"row limit-width row-parent\"><div class=\"wpb_row row-inner\"><div class=\"wpb_column pos-middle pos-center align_center column_parent col-lg-12 single-internal-gutter\"><div class=\"uncol style-light\"  ><div class=\"uncoltable\"><div class=\"uncell no-block-padding\" ><div class=\"uncont\" ><div class=\"vc_custom_heading_wrap \"><div class=\"heading-text el-text\" ><h2 class=\"font-869685 h2\" ><span><\/p><\/span><span><h3 style=\"text-align: center;\">R\u0119czna produkcja i detale<\/h3><\/span><span><p><\/span><\/h2><\/div><div class=\"clear\"><\/div><\/div><\/div><\/div><\/div><\/div><\/div><script id=\"script-row-unique-1\" data-row=\"script-row-unique-1\" type=\"text\/javascript\" class=\"vc_controls\">UNCODE.initRow(document.getElementById(\"row-unique-1\"));<\/script><\/div><\/div><\/div><div data-parent=\"true\" class=\"vc_row limit-width row-container\" id=\"row-unique-2\"><div class=\"row row-parent\" data-height-ratio=\"10\"><div class=\"wpb_row row-inner\"><div class=\"wpb_column pos-middle pos-center align_left align_center_mobile column_parent col-lg-6 half-internal-gutter\"><div class=\"uncol style-light\"  ><div class=\"uncoltable\"><div class=\"uncell no-block-padding\" ><div class=\"uncont\" style=\" max-width:804px;\" ><div class=\"uncode_text_column text-lead\" ><\/p>\n<p style=\"text-align: right;\">FAMLIGHT jest rodzinn\u0105 firm\u0105 z ponad 20 letnim do\u015bwiadczeniem i pasj\u0105 do szk\u0142a. Nasza marka powsta\u0142a z my\u015bl\u0105 po\u0142\u0105czenia pi\u0119kna \u015bwiat\u0142a oraz szk\u0142a, wyko\u0144czonego metalem r\u0119cznie drykowanym. Naszym mottem jest dba\u0142o\u015b\u0107 o detale, oraz indywidualne podej\u015bcie do klienta. Posiadamy szerok\u0105 gam\u0119 produkt\u00f3w, ale zajmujemy si\u0119 r\u00f3wnie\u017c produkcj\u0105 lamp pod zam\u00f3wienie, dostosowane do wn\u0119trza. Wszystkie komponenty s\u0105 produkowane w polsce, co pozwala nam utrzyma\u0107 jako\u015b\u0107 produktu.<\/p>\n<p>\n<\/div><\/div><\/div><\/div><\/div><\/div><div class=\"wpb_column pos-top pos-center align_left column_parent col-lg-6 single-internal-gutter\"><div class=\"uncol style-light\"  ><div class=\"uncoltable\"><div class=\"uncell no-block-padding\" ><div class=\"uncont\" ><div class=\"uncode-single-media  text-center\"><div class=\"single-wrapper\" style=\"max-width: 50%;\"><div class=\"tmb tmb-light  tmb-media-first tmb-media-last tmb-content-overlay tmb-no-bg\"><div class=\"t-inside\"><div class=\"t-entry-visual\"><div class=\"t-entry-visual-tc\"><div class=\"uncode-single-media-wrapper\"><img decoding=\"async\" class=\"wp-image-122850\" src=\"https:\/\/famlight.eu\/wp-content\/uploads\/2021\/08\/DSC0712.jpg\" width=\"1424\" height=\"1954\" alt=\"\" srcset=\"https:\/\/famlight.eu\/wp-content\/uploads\/2021\/08\/DSC0712.jpg 1424w, https:\/\/famlight.eu\/wp-content\/uploads\/2021\/08\/DSC0712-219x300.jpg 219w, https:\/\/famlight.eu\/wp-content\/uploads\/2021\/08\/DSC0712-746x1024.jpg 746w, https:\/\/famlight.eu\/wp-content\/uploads\/2021\/08\/DSC0712-768x1054.jpg 768w, https:\/\/famlight.eu\/wp-content\/uploads\/2021\/08\/DSC0712-1119x1536.jpg 1119w, https:\/\/famlight.eu\/wp-content\/uploads\/2021\/08\/DSC0712-9x12.jpg 9w\" sizes=\"(max-width: 1424px) 100vw, 1424px\" \/><\/div>\n\t\t\t\t\t<\/div>\n\t\t\t\t<\/div><\/div><\/div><\/div><\/div><\/div><\/div><\/div><\/div><\/div><script id=\"script-row-unique-2\" data-row=\"script-row-unique-2\" type=\"text\/javascript\" class=\"vc_controls\">UNCODE.initRow(document.getElementById(\"row-unique-2\"));<\/script><\/div><\/div><\/div><div data-parent=\"true\" class=\"vc_row has-bg need-focus style-color-xsdn-bg row-container\" id=\"row-unique-3\"><div class=\"row full-width row-parent\" data-height-ratio=\"3\"><div class=\"wpb_row row-inner\"><div class=\"wpb_column pos-top pos-center align_left column_parent col-lg-12 single-internal-gutter\"><div class=\"uncol style-light\"  ><div class=\"uncoltable\"><div class=\"uncell no-block-padding\" ><div class=\"uncont\" ><\/div><\/div><\/div><\/div><\/div><script id=\"script-row-unique-3\" data-row=\"script-row-unique-3\" type=\"text\/javascript\" class=\"vc_controls\">UNCODE.initRow(document.getElementById(\"row-unique-3\"));<\/script><\/div><\/div><\/div><div data-parent=\"true\" class=\"vc_row row-container\" id=\"row-unique-4\"><div class=\"row triple-top-padding triple-bottom-padding single-h-padding limit-width row-parent\"><div class=\"wpb_row row-inner\"><div class=\"wpb_column pos-top pos-center align_left column_parent col-lg-6 single-internal-gutter\"><div class=\"uncol style-light\"  ><div class=\"uncoltable\"><div class=\"uncell no-block-padding\" ><div class=\"uncont\" ><div id=\"gallery-151482\" class=\"un-media-gallery isotope-system isotope-general-light grid-general-light\">\n\t\t\t\t\t\n\t\n\t<div class=\"isotope-wrapper grid-wrapper half-gutter\" >\n\t\t\t\t\t\t\t\t\t<div class=\"isotope-container isotope-layout style-masonry\" data-type=\"masonry\" data-layout=\"masonry\" data-lg=\"480\" data-md=\"480\" data-sm=\"480\">\n<div class=\"tmb tmb-iso-w4 tmb-iso-h4 tmb-light tmb-overlay-text-anim tmb-overlay-anim tmb-overlay-middle tmb-overlay-text-center tmb-id-73225  tmb-img-ratio tmb-media-first tmb-media-last tmb-content-overlay tmb-no-bg tmb-lightbox\" ><div class=\"t-inside animate_when_almost_visible alpha-anim\" ><div class=\"t-entry-visual\"><div class=\"t-entry-visual-tc\"><div class=\"t-entry-visual-cont\"><div class=\"dummy\" style=\"padding-top: 133.4%;\"><\/div><a href=\"https:\/\/famlight.eu\/wp-content\/uploads\/2019\/06\/15.jpg\"  class=\"pushed\" data-active=\"1\" data-lbox=\"ilightbox_gallery-151482\" data-options=\"width:1000,height:998,thumbnail: 'https:\/\/famlight.eu\/wp-content\/uploads\/2019\/06\/15-300x300.jpg'\" data-lb-index=\"0\"><div class=\"t-entry-visual-overlay\"><div class=\"t-entry-visual-overlay-in style-dark-bg\" style=\"opacity: 0.5;\"><\/div><\/div><div class=\"t-overlay-wrap\"><div class=\"t-overlay-inner\">\n\t\t\t\t\t\t\t\t\t\t\t\t\t\t<div class=\"t-overlay-content\">\n\t\t\t\t\t\t\t\t\t\t\t\t\t\t\t<div class=\"t-overlay-text single-block-padding\"><div class=\"t-entry\"><i class=\"fa fa-plus2 t-overlay-icon\"><\/i><\/div><\/div><\/div><\/div><\/div><img decoding=\"async\" class=\"wp-image-73225\" src=\"https:\/\/famlight.eu\/wp-content\/uploads\/2019\/06\/15-uai-748x998.jpg\" width=\"748\" height=\"998\" alt=\"\" \/><\/a><\/div>\n\t\t\t\t\t<\/div>\n\t\t\t\t<\/div><\/div><\/div><div class=\"tmb tmb-iso-w4 tmb-iso-h4 tmb-light tmb-overlay-text-anim tmb-overlay-anim tmb-overlay-middle tmb-overlay-text-center tmb-id-73226  tmb-img-ratio tmb-media-first tmb-media-last tmb-content-overlay tmb-no-bg tmb-lightbox\" ><div class=\"t-inside animate_when_almost_visible alpha-anim\" ><div class=\"t-entry-visual\"><div class=\"t-entry-visual-tc\"><div class=\"t-entry-visual-cont\"><div class=\"dummy\" style=\"padding-top: 133.4%;\"><\/div><a href=\"https:\/\/famlight.eu\/wp-content\/uploads\/2019\/06\/17.jpg\"  class=\"pushed\" data-active=\"1\" data-lbox=\"ilightbox_gallery-151482\" data-options=\"width:1000,height:998,thumbnail: 'https:\/\/famlight.eu\/wp-content\/uploads\/2019\/06\/17-300x300.jpg'\" data-lb-index=\"1\"><div class=\"t-entry-visual-overlay\"><div class=\"t-entry-visual-overlay-in style-dark-bg\" style=\"opacity: 0.5;\"><\/div><\/div><div class=\"t-overlay-wrap\"><div class=\"t-overlay-inner\">\n\t\t\t\t\t\t\t\t\t\t\t\t\t\t<div class=\"t-overlay-content\">\n\t\t\t\t\t\t\t\t\t\t\t\t\t\t\t<div class=\"t-overlay-text single-block-padding\"><div class=\"t-entry\"><i class=\"fa fa-plus2 t-overlay-icon\"><\/i><\/div><\/div><\/div><\/div><\/div><img decoding=\"async\" class=\"wp-image-73226\" src=\"https:\/\/famlight.eu\/wp-content\/uploads\/2019\/06\/17-uai-748x998.jpg\" width=\"748\" height=\"998\" alt=\"\" \/><\/a><\/div>\n\t\t\t\t\t<\/div>\n\t\t\t\t<\/div><\/div><\/div><div class=\"tmb tmb-iso-w4 tmb-iso-h4 tmb-light tmb-overlay-text-anim tmb-overlay-anim tmb-overlay-middle tmb-overlay-text-center tmb-id-73228  tmb-img-ratio tmb-media-first tmb-media-last tmb-content-overlay tmb-no-bg tmb-lightbox\" ><div class=\"t-inside animate_when_almost_visible alpha-anim\" ><div class=\"t-entry-visual\"><div class=\"t-entry-visual-tc\"><div class=\"t-entry-visual-cont\"><div class=\"dummy\" style=\"padding-top: 133.4%;\"><\/div><a href=\"https:\/\/famlight.eu\/wp-content\/uploads\/2019\/06\/25.jpg\"  class=\"pushed\" data-active=\"1\" data-lbox=\"ilightbox_gallery-151482\" data-options=\"width:1000,height:999,thumbnail: 'https:\/\/famlight.eu\/wp-content\/uploads\/2019\/06\/25-300x300.jpg'\" data-lb-index=\"2\"><div class=\"t-entry-visual-overlay\"><div class=\"t-entry-visual-overlay-in style-dark-bg\" style=\"opacity: 0.5;\"><\/div><\/div><div class=\"t-overlay-wrap\"><div class=\"t-overlay-inner\">\n\t\t\t\t\t\t\t\t\t\t\t\t\t\t<div class=\"t-overlay-content\">\n\t\t\t\t\t\t\t\t\t\t\t\t\t\t\t<div class=\"t-overlay-text single-block-padding\"><div class=\"t-entry\"><i class=\"fa fa-plus2 t-overlay-icon\"><\/i><\/div><\/div><\/div><\/div><\/div><img decoding=\"async\" class=\"wp-image-73228\" src=\"https:\/\/famlight.eu\/wp-content\/uploads\/2019\/06\/25-uai-749x999.jpg\" width=\"749\" height=\"999\" alt=\"\" \/><\/a><\/div>\n\t\t\t\t\t<\/div>\n\t\t\t\t<\/div><\/div><\/div>\t\t\t<\/div>\n\t\t\t\t\t<\/div>\n\n\t\n\t\n\t\n<\/div>\n\n<\/div><\/div><\/div><\/div><\/div><div class=\"wpb_column pos-top pos-center align_left column_parent col-lg-6 single-internal-gutter\"><div class=\"uncol style-light\"  ><div class=\"uncoltable\"><div class=\"uncell no-block-padding\" ><div class=\"uncont\" ><div class=\"uncode_text_column text-lead bottom-t-top animate_when_almost_visible\" ><\/p>\n<p style=\"text-align: left;\">To detale maj\u0105 znaczenie, stanowi\u0105 one uwie\u0144czenie ca\u0142o\u015bci tworz\u0105c pi\u0119kny, jedyny w swoim rodzaju produkt w ca\u0142o\u015bci r\u0119cznie robiony. Mamy zaszczyt przedstawi\u0107 Pa\u0144stwu wyj\u0105tkowe lampy szklane Hand-made w Polsce.<\/p>\n<p style=\"text-align: left;\">Jako producenci mo\u017cemy zaoferowa\u0107 realizacj\u0119 indywidualnych projekt\u00f3w ,zar\u00f3wno du\u017cych jaki ma\u0142ych inwestycji. Daje to mo\u017cliwo\u015b\u0107 perfekcyjnego dopasowania lamp do wn\u0119trza i produkcji jedynych w swoim rodzaju r\u0119kodzie\u0142.<\/p>\n<p>\n<\/div><\/div><\/div><\/div><\/div><\/div><script id=\"script-row-unique-4\" data-row=\"script-row-unique-4\" type=\"text\/javascript\" class=\"vc_controls\">UNCODE.initRow(document.getElementById(\"row-unique-4\"));<\/script><\/div><\/div><\/div><div data-parent=\"true\" class=\"vc_row has-bg need-focus style-color-xsdn-bg row-container\" id=\"row-unique-5\"><div class=\"row full-width row-parent\" data-height-ratio=\"3\"><div class=\"wpb_row row-inner\"><div class=\"wpb_column pos-top pos-center align_left column_parent col-lg-12 single-internal-gutter\"><div class=\"uncol style-light\"  ><div class=\"uncoltable\"><div class=\"uncell no-block-padding\" ><div class=\"uncont\" ><\/div><\/div><\/div><\/div><\/div><script id=\"script-row-unique-5\" data-row=\"script-row-unique-5\" type=\"text\/javascript\" class=\"vc_controls\">UNCODE.initRow(document.getElementById(\"row-unique-5\"));<\/script><\/div><\/div><\/div><div data-parent=\"true\" class=\"vc_row row-container\" id=\"row-unique-6\"><div class=\"row limit-width row-parent\"><div class=\"wpb_row row-inner\"><div class=\"wpb_column pos-top pos-center align_left column_parent col-lg-6 single-internal-gutter\"><div class=\"uncol style-light\"  ><div class=\"uncoltable\"><div class=\"uncell no-block-padding\" ><div class=\"uncont\" ><div class=\"uncode_text_column\" ><\/p>\n<p style=\"text-align: right;\">Aby wyr\u00f3\u017cni\u0107 si\u0119 na tle konkurencji, marka Famlight opiera si\u0119 na trzech, bardzo wa\u017cnych filarach. One s\u0105 naszym kluczem do sukcesu, to na nich budujemy coraz wi\u0119kszy zasi\u0119g oraz presti\u017c marki FAMLIGHT.<\/p>\n<p style=\"text-align: right;\"><strong>Wysoka Jako\u015b\u0107 Produktu<\/strong><\/p>\n<p style=\"text-align: right;\">Lampy marki Famlight w ca\u0142o\u015bci produkowane s\u0105 w Polsce. Surowce kt\u00f3re wykorzystywane s\u0105 do produkcji, sprowadzane s\u0105 jedynie z Pa\u0144stw Unii Europejskiej. Wszystkie komponenty, z kt\u00f3rych sk\u0142ada si\u0119 produkt, wykonywane s\u0105 r\u0119cznie przez naszych pracownik\u00f3w, co pozwala nam na elastyczno\u015b\u0107 wzgl\u0119dem wykonawstwa.<\/p>\n<p style=\"text-align: right;\"><strong>Elastyczno\u015b\u0107<\/strong><\/p>\n<p style=\"text-align: right;\">Jedyn\u0105 granic\u0105 jest nasza wyobra\u017ania.<\/p>\n<p style=\"text-align: right;\">Kadra naszej Firmy sk\u0142ada si\u0119 z utalentowanych i kreatywnych pracownik\u00f3w, kt\u00f3rzy na ka\u017cdym etapie produkcji staraj\u0105 si\u0119 przewy\u017cszy\u0107 oczekiwania klient\u00f3w.<\/p>\n<p style=\"text-align: right;\"><em>Nie wn\u0119trze dla lampy, a lampa dla wn\u0119trza. <\/em><\/p>\n<p style=\"text-align: right;\">Nieko\u0144cz\u0105ce si\u0119 mo\u017cliwo\u015bci pozwalaj\u0105 nam kierowa\u0107 si\u0119 tym mottem, a co za tym idzie, bezgraniczne opcje konfiguracji projekt\u00f3w o\u015bwietlenia oraz realizacji indywidualnych projekt\u00f3w dla ma\u0142ych jak i du\u017cych inwestycji.<\/p>\n<p style=\"text-align: right;\"><strong>Satysfakcja Konsumenta<\/strong><\/p>\n<p style=\"text-align: right;\">Wysoka jako\u015b\u0107 produktu oraz elastyczno\u015b\u0107, to receptura jakiej potrzeba, aby zdoby\u0107 zaufanie oraz zadowolenie klient\u00f3w.<\/p>\n<p style=\"text-align: right;\">Nie ma dla nas nic bardzie satysfakcjonuj\u0105cego ni\u017c w pe\u0142ni spe\u0142nione wymagania klienta.<\/p>\n<p>\n<\/div><\/div><\/div><\/div><\/div><\/div><div class=\"wpb_column pos-top pos-center align_left column_parent col-lg-6 single-internal-gutter\"><div class=\"uncol style-light\"  ><div class=\"uncoltable\"><div class=\"uncell no-block-padding\" ><div class=\"uncont\" ><div id=\"gallery-151482\" class=\"un-media-gallery isotope-system isotope-general-light grid-general-light\">\n\t\t\t\t\t\n\t\n\t<div class=\"isotope-wrapper grid-wrapper half-gutter\" >\n\t\t\t\t\t\t\t\t\t<div class=\"isotope-container isotope-layout style-masonry\" data-type=\"masonry\" data-layout=\"cellsByRow\" data-lg=\"1000\" data-md=\"600\" data-sm=\"480\">\n<div class=\"tmb tmb-iso-w4 tmb-iso-h4 tmb-light tmb-overlay-text-anim tmb-overlay-anim tmb-overlay-middle tmb-overlay-text-center tmb-id-73222  tmb-media-first tmb-media-last tmb-content-overlay tmb-no-bg\" ><div class=\"t-inside no-anim\" ><div class=\"t-entry-visual\"><div class=\"t-entry-visual-tc\"><div class=\"t-entry-visual-cont\"><div class=\"dummy\" style=\"padding-top: 149.8%;\"><\/div><a  class=\"inactive-link pushed\" data-lb-index=\"0\"><div class=\"t-entry-visual-overlay\"><div class=\"t-entry-visual-overlay-in style-dark-bg\" style=\"opacity: 0.3;\"><\/div><\/div><div class=\"t-overlay-wrap\"><div class=\"t-overlay-inner\">\n\t\t\t\t\t\t\t\t\t\t\t\t\t\t<div class=\"t-overlay-content\">\n\t\t\t\t\t\t\t\t\t\t\t\t\t\t\t<div class=\"t-overlay-text double-block-padding\"><div class=\"t-entry\"><h3 class=\"t-entry-title h3 font-weight-400 title-scale \">Dominika<\/h3><\/div><\/div><\/div><\/div><\/div><img decoding=\"async\" class=\"wp-image-73222\" src=\"https:\/\/famlight.eu\/wp-content\/uploads\/2019\/06\/Dominika.jpg\" width=\"1200\" height=\"1798\" alt=\"\" srcset=\"https:\/\/famlight.eu\/wp-content\/uploads\/2019\/06\/Dominika.jpg 1200w, https:\/\/famlight.eu\/wp-content\/uploads\/2019\/06\/Dominika-200x300.jpg 200w, https:\/\/famlight.eu\/wp-content\/uploads\/2019\/06\/Dominika-768x1151.jpg 768w, https:\/\/famlight.eu\/wp-content\/uploads\/2019\/06\/Dominika-683x1024.jpg 683w\" sizes=\"(max-width: 1200px) 100vw, 1200px\" \/><\/a><\/div>\n\t\t\t\t\t<\/div>\n\t\t\t\t<\/div><\/div><\/div><div class=\"tmb tmb-iso-w4 tmb-iso-h4 tmb-light tmb-overlay-text-anim tmb-overlay-anim tmb-overlay-middle tmb-overlay-text-center tmb-id-73223  tmb-media-first tmb-media-last tmb-content-overlay tmb-no-bg\" ><div class=\"t-inside no-anim\" ><div class=\"t-entry-visual\"><div class=\"t-entry-visual-tc\"><div class=\"t-entry-visual-cont\"><div class=\"dummy\" style=\"padding-top: 149.8%;\"><\/div><a  class=\"inactive-link pushed\" data-lb-index=\"1\"><div class=\"t-entry-visual-overlay\"><div class=\"t-entry-visual-overlay-in style-dark-bg\" style=\"opacity: 0.3;\"><\/div><\/div><div class=\"t-overlay-wrap\"><div class=\"t-overlay-inner\">\n\t\t\t\t\t\t\t\t\t\t\t\t\t\t<div class=\"t-overlay-content\">\n\t\t\t\t\t\t\t\t\t\t\t\t\t\t\t<div class=\"t-overlay-text double-block-padding\"><div class=\"t-entry\"><h3 class=\"t-entry-title h3 font-weight-400 title-scale \">Kamil<\/h3><\/div><\/div><\/div><\/div><\/div><img decoding=\"async\" class=\"wp-image-73223\" src=\"https:\/\/famlight.eu\/wp-content\/uploads\/2019\/06\/Kamil.jpg\" width=\"1200\" height=\"1798\" alt=\"\" srcset=\"https:\/\/famlight.eu\/wp-content\/uploads\/2019\/06\/Kamil.jpg 1200w, https:\/\/famlight.eu\/wp-content\/uploads\/2019\/06\/Kamil-200x300.jpg 200w, https:\/\/famlight.eu\/wp-content\/uploads\/2019\/06\/Kamil-768x1151.jpg 768w, https:\/\/famlight.eu\/wp-content\/uploads\/2019\/06\/Kamil-683x1024.jpg 683w\" sizes=\"(max-width: 1200px) 100vw, 1200px\" \/><\/a><\/div>\n\t\t\t\t\t<\/div>\n\t\t\t\t<\/div><\/div><\/div>\t\t\t<\/div>\n\t\t\t\t\t<\/div>\n\n\t\n\t\n\t\n<\/div>\n\n<\/div><\/div><\/div><\/div><\/div><script id=\"script-row-unique-6\" data-row=\"script-row-unique-6\" type=\"text\/javascript\" class=\"vc_controls\">UNCODE.initRow(document.getElementById(\"row-unique-6\"));<\/script><\/div><\/div><\/div><div data-parent=\"true\" class=\"vc_row has-bg need-focus style-color-xsdn-bg row-container\" id=\"row-unique-7\"><div class=\"row full-width row-parent\" data-height-ratio=\"3\"><div class=\"wpb_row row-inner\"><div class=\"wpb_column pos-top pos-center align_left column_parent col-lg-12 single-internal-gutter\"><div class=\"uncol style-light\"  ><div class=\"uncoltable\"><div class=\"uncell no-block-padding\" ><div class=\"uncont\" ><\/div><\/div><\/div><\/div><\/div><script id=\"script-row-unique-7\" data-row=\"script-row-unique-7\" type=\"text\/javascript\" class=\"vc_controls\">UNCODE.initRow(document.getElementById(\"row-unique-7\"));<\/script><\/div><\/div><\/div>\n<\/div>","protected":false},"excerpt":{"rendered":"R\u0119czna produkcja i detaleFAMLIGHT jest rodzinn\u0105 firm\u0105 z ponad 20 letnim do\u015bwiadczeniem i pasj\u0105 do szk\u0142a. Nasza marka powsta\u0142a z [...]","protected":false},"author":1,"featured_media":0,"parent":0,"menu_order":0,"comment_status":"closed","ping_status":"closed","template":"","meta":{"_acf_changed":false,"_monsterinsights_skip_tracking":false,"_monsterinsights_sitenote_active":false,"_monsterinsights_sitenote_note":"","_monsterinsights_sitenote_category":0,"ngg_post_thumbnail":0,"footnotes":""},"class_list":["post-56971","page","type-page","status-publish","hentry"],"acf":[],"aioseo_notices":[],"_links":{"self":[{"href":"https:\/\/famlight.eu\/pl\/wp-json\/wp\/v2\/pages\/56971","targetHints":{"allow":["GET"]}}],"collection":[{"href":"https:\/\/famlight.eu\/pl\/wp-json\/wp\/v2\/pages"}],"about":[{"href":"https:\/\/famlight.eu\/pl\/wp-json\/wp\/v2\/types\/page"}],"author":[{"embeddable":true,"href":"https:\/\/famlight.eu\/pl\/wp-json\/wp\/v2\/users\/1"}],"replies":[{"embeddable":true,"href":"https:\/\/famlight.eu\/pl\/wp-json\/wp\/v2\/comments?post=56971"}],"version-history":[{"count":29,"href":"https:\/\/famlight.eu\/pl\/wp-json\/wp\/v2\/pages\/56971\/revisions"}],"predecessor-version":[{"id":123654,"href":"https:\/\/famlight.eu\/pl\/wp-json\/wp\/v2\/pages\/56971\/revisions\/123654"}],"wp:attachment":[{"href":"https:\/\/famlight.eu\/pl\/wp-json\/wp\/v2\/media?parent=56971"}],"curies":[{"name":"wp","href":"https:\/\/api.w.org\/{rel}","templated":true}]}}