{"id":114602,"date":"2021-05-06T10:23:08","date_gmt":"2021-05-06T08:23:08","guid":{"rendered":"https:\/\/famlight.eu\/?page_id=114602"},"modified":"2021-05-20T12:40:00","modified_gmt":"2021-05-20T10:40:00","slug":"targi","status":"publish","type":"page","link":"https:\/\/famlight.eu\/nl\/targi\/","title":{"rendered":"Projekt EU &#8211; Targi"},"content":{"rendered":"<div class=\"wpb-content-wrapper\"><div data-parent=\"true\" class=\"vc_row row-container\" id=\"row-unique-0\"><div class=\"row full-width row-parent\"><div class=\"wpb_row row-inner\"><div class=\"wpb_column pos-top pos-center align_center column_parent col-lg-12 single-internal-gutter\"><div class=\"uncol style-light\"  ><div class=\"uncoltable\"><div class=\"uncell no-block-padding\" ><div class=\"uncont\" ><div class=\"vc_custom_heading_wrap\"><div class=\"heading-text el-text\" ><h2 class=\"h2 text-color-uydo-color\" ><span><\/p><\/span><span><h2 style=\"text-align: center;\">Famlight na targach ca\u0142ego \u015bwiata<\/h2><\/span><span><p><\/span><\/h2><\/div><div class=\"clear\"><\/div><\/div><div class=\"uncode_text_column\" ><\/p>\n<p style=\"text-align: center;\">Uzyskali\u015bmy dofinansowanie w ramach Poddzia\u0142ania <b><i>RPMP.03.03.02. Regionalny Program Operacyjny Wojew\u00f3dztwa Ma\u0142opolskiego na loata 2014-2020 <\/i><\/b>s\u0142u\u017c\u0105cemu wsparciu promocji i internacjonalizacji polskich marek eksportowych.<\/p>\n<p style=\"text-align: center;\">Dofinansowanie przeznaczone jest dla marek produktowych, kt\u00f3re maj\u0105 szans\u0119 sta\u0107 si\u0119 markami rozpoznawalnymi na rynkach zagranicznych oraz promowania Marki Polskiej Gospodarki.<\/p>\n<p style=\"text-align: center;\">Dzi\u0119ki temu wsparciu planujemy intensywn\u0105 promocj\u0119 marki Famlight i naszych unikalnych w skali \u015bwiatowej produkt\u00f3w \u2013 lamp szklanych r\u0119cznie tworzonych w polskich hutach.<\/p>\n<p style=\"text-align: center;\">Zaprezentujemy si\u0119 na targach we Warsaw Home roku 2018 oraz 2019, nast\u0119pnie\u00a0 w Mediolanie.<\/p>\n<p style=\"text-align: center;\">Mamy nadziej\u0119, \u017ce nasza polska marka i wyj\u0105tkowe produkty znajd\u0105 uznanie w \u015bwiecie.<\/p>\n<p>\n<\/div><\/div><\/div><\/div><\/div><\/div><script id=\"script-row-unique-0\" data-row=\"script-row-unique-0\" type=\"text\/javascript\" class=\"vc_controls\">UNCODE.initRow(document.getElementById(\"row-unique-0\"));<\/script><\/div><\/div><\/div><div data-parent=\"true\" class=\"vc_row row-container\" id=\"row-unique-1\"><div class=\"row unequal col-double-gutter full-width row-parent\"><div class=\"wpb_row row-inner\"><div class=\"wpb_column pos-top pos-center align_left column_parent col-lg-4 single-internal-gutter\"><div class=\"uncol style-light\"  ><div class=\"uncoltable\"><div class=\"uncell no-block-padding\" ><div class=\"uncont\" ><div class=\"vc_custom_heading_wrap\"><div class=\"heading-text el-text\" ><h2 class=\"h2\" ><span><\/p><\/span><span><h2 class=\"exarticle-show-title\">2018 Warsaw Home<\/h2><\/span><span><p><\/span><\/h2><\/div><div class=\"clear\"><\/div><\/div><div class=\"uncode-single-media  text-left\"><div class=\"single-wrapper\" style=\"max-width: 100%;\"><a class=\"single-media-link\" href=\"https:\/\/famlight.eu\/pl\/114675-2\/\" target=\"_blank\"><div class=\"tmb tmb-light  tmb-media-first tmb-media-last tmb-content-overlay tmb-no-bg\"><div class=\"t-inside\"><div class=\"t-entry-visual\"><div class=\"t-entry-visual-tc\"><div class=\"uncode-single-media-wrapper\"><img decoding=\"async\" class=\"wp-image-114672\" src=\"https:\/\/famlight.eu\/wp-content\/uploads\/2021\/05\/warsaw-home-2018-678x340-1.jpg\" width=\"678\" height=\"340\" alt=\"\" srcset=\"https:\/\/famlight.eu\/wp-content\/uploads\/2021\/05\/warsaw-home-2018-678x340-1.jpg 678w, https:\/\/famlight.eu\/wp-content\/uploads\/2021\/05\/warsaw-home-2018-678x340-1-300x150.jpg 300w, https:\/\/famlight.eu\/wp-content\/uploads\/2021\/05\/warsaw-home-2018-678x340-1-16x8.jpg 16w\" sizes=\"(max-width: 678px) 100vw, 678px\" \/><\/div>\n\t\t\t\t\t<\/div>\n\t\t\t\t<\/div><\/div><\/div><\/a><\/div><\/div><\/div><\/div><\/div><\/div><\/div><div class=\"wpb_column pos-top pos-center align_left column_parent col-lg-4 single-internal-gutter\"><div class=\"uncol style-light\"  ><div class=\"uncoltable\"><div class=\"uncell no-block-padding\" ><div class=\"uncont\" ><div class=\"vc_custom_heading_wrap\"><div class=\"heading-text el-text\" ><h2 class=\"h2\" ><span>2019 Warsaw Home \u2013 Interior Design Fair<\/span><\/h2><\/div><div class=\"clear\"><\/div><\/div><div class=\"uncode-single-media  text-left\"><div class=\"single-wrapper\" style=\"max-width: 100%;\"><a class=\"single-media-link\" href=\"https:\/\/famlight.eu\/pl\/targi-warsaw-home-2019\/\" target=\"_blank\" title=\"Warsaw Home 2019\"><div class=\"tmb tmb-light  tmb-media-first tmb-media-last tmb-content-overlay tmb-no-bg\"><div class=\"t-inside\"><div class=\"t-entry-visual\"><div class=\"t-entry-visual-tc\"><div class=\"uncode-single-media-wrapper\"><img decoding=\"async\" class=\"wp-image-114603\" src=\"https:\/\/famlight.eu\/wp-content\/uploads\/2021\/05\/Przechwytywanie.png\" width=\"1268\" height=\"788\" alt=\"\" srcset=\"https:\/\/famlight.eu\/wp-content\/uploads\/2021\/05\/Przechwytywanie.png 1268w, https:\/\/famlight.eu\/wp-content\/uploads\/2021\/05\/Przechwytywanie-300x186.png 300w, https:\/\/famlight.eu\/wp-content\/uploads\/2021\/05\/Przechwytywanie-1024x636.png 1024w, https:\/\/famlight.eu\/wp-content\/uploads\/2021\/05\/Przechwytywanie-768x477.png 768w, https:\/\/famlight.eu\/wp-content\/uploads\/2021\/05\/Przechwytywanie-16x10.png 16w\" sizes=\"(max-width: 1268px) 100vw, 1268px\" \/><\/div>\n\t\t\t\t\t<\/div>\n\t\t\t\t<\/div><\/div><\/div><\/a><\/div><\/div><\/div><\/div><\/div><\/div><\/div><div class=\"wpb_column pos-top pos-center align_left column_parent col-lg-4 single-internal-gutter\"><div class=\"uncol style-light\"  ><div class=\"uncoltable\"><div class=\"uncell no-block-padding\" ><div class=\"uncont\" ><div class=\"vc_custom_heading_wrap\"><div class=\"heading-text el-text\" ><h2 class=\"h2\" ><span>2019 Salone del Mobile. Milano<\/span><\/h2><\/div><div class=\"clear\"><\/div><\/div><div class=\"uncode-single-media  text-left\"><div class=\"single-wrapper\" style=\"max-width: 100%;\"><a class=\"single-media-link\" href=\"https:\/\/famlight.eu\/2019-salone-del-mobile-milano\/\" target=\"_blank\" title=\"Slaone del Milano\"><div class=\"tmb tmb-light  tmb-media-first tmb-media-last tmb-content-overlay tmb-no-bg\"><div class=\"t-inside\"><div class=\"t-entry-visual\"><div class=\"t-entry-visual-tc\"><div class=\"uncode-single-media-wrapper\"><img decoding=\"async\" class=\"wp-image-116366\" src=\"https:\/\/famlight.eu\/wp-content\/uploads\/2021\/05\/Euroluce.png\" width=\"436\" height=\"254\" alt=\"\" srcset=\"https:\/\/famlight.eu\/wp-content\/uploads\/2021\/05\/Euroluce.png 436w, https:\/\/famlight.eu\/wp-content\/uploads\/2021\/05\/Euroluce-300x175.png 300w, https:\/\/famlight.eu\/wp-content\/uploads\/2021\/05\/Euroluce-16x9.png 16w\" sizes=\"(max-width: 436px) 100vw, 436px\" \/><\/div>\n\t\t\t\t\t<\/div>\n\t\t\t\t<\/div><\/div><\/div><\/a><\/div><\/div><\/div><\/div><\/div><\/div><\/div><script id=\"script-row-unique-1\" data-row=\"script-row-unique-1\" type=\"text\/javascript\" class=\"vc_controls\">UNCODE.initRow(document.getElementById(\"row-unique-1\"));<\/script><\/div><\/div><\/div>\n<\/div>","protected":false},"excerpt":{"rendered":"Famlight na targach ca\u0142ego \u015bwiataUzyskali\u015bmy dofinansowanie w ramach Poddzia\u0142ania RPMP.03.03.02. Regionalny Program Operacyjny Wojew\u00f3dztwa Ma\u0142opolskiego na loata 2014-2020 s\u0142u\u017c\u0105cemu wsparciu [...]","protected":false},"author":1,"featured_media":0,"parent":0,"menu_order":0,"comment_status":"closed","ping_status":"closed","template":"","meta":{"_acf_changed":false,"_monsterinsights_skip_tracking":false,"_monsterinsights_sitenote_active":false,"_monsterinsights_sitenote_note":"","_monsterinsights_sitenote_category":0,"ngg_post_thumbnail":0,"footnotes":""},"class_list":["post-114602","page","type-page","status-publish","hentry"],"acf":[],"aioseo_notices":[],"_links":{"self":[{"href":"https:\/\/famlight.eu\/nl\/wp-json\/wp\/v2\/pages\/114602","targetHints":{"allow":["GET"]}}],"collection":[{"href":"https:\/\/famlight.eu\/nl\/wp-json\/wp\/v2\/pages"}],"about":[{"href":"https:\/\/famlight.eu\/nl\/wp-json\/wp\/v2\/types\/page"}],"author":[{"embeddable":true,"href":"https:\/\/famlight.eu\/nl\/wp-json\/wp\/v2\/users\/1"}],"replies":[{"embeddable":true,"href":"https:\/\/famlight.eu\/nl\/wp-json\/wp\/v2\/comments?post=114602"}],"version-history":[{"count":15,"href":"https:\/\/famlight.eu\/nl\/wp-json\/wp\/v2\/pages\/114602\/revisions"}],"predecessor-version":[{"id":114606,"href":"https:\/\/famlight.eu\/nl\/wp-json\/wp\/v2\/pages\/114602\/revisions\/114606"}],"wp:attachment":[{"href":"https:\/\/famlight.eu\/nl\/wp-json\/wp\/v2\/media?parent=114602"}],"curies":[{"name":"wp","href":"https:\/\/api.w.org\/{rel}","templated":true}]}}