{"id":54948,"date":"2017-03-31T15:57:39","date_gmt":"2017-03-31T13:57:39","guid":{"rendered":"https:\/\/undsgn.com\/uncode_new\/?page_id=54948"},"modified":"2022-01-11T13:03:54","modified_gmt":"2022-01-11T12:03:54","slug":"famlight-glass-design","status":"publish","type":"page","link":"https:\/\/famlight.eu\/en\/","title":{"rendered":"Famlight"},"content":{"rendered":"<div class=\"wpb-content-wrapper\"><div data-parent=\"true\" class=\"vc_row has-bg need-focus style-color-xsdn-bg row-container\" id=\"row-unique-0\"><div class=\"row full-width row-parent\"><div class=\"wpb_row row-inner\"><div class=\"wpb_column pos-top pos-center align_left column_parent col-lg-12 single-internal-gutter\"><div class=\"uncol style-light\"  ><div class=\"uncoltable\"><div class=\"uncell no-block-padding\" ><div class=\"uncont\" ><div class=\"uncode-single-media  text-left\"><div class=\"single-wrapper\" style=\"max-width: 100%;\"><div class=\"tmb tmb-light  tmb-media-first tmb-media-last tmb-content-overlay tmb-no-bg\"><div class=\"t-inside\"><div class=\"t-entry-visual\"><div class=\"t-entry-visual-tc\"><div class=\"uncode-single-media-wrapper\"><img decoding=\"async\" class=\"wp-image-75591\" src=\"https:\/\/famlight.eu\/wp-content\/uploads\/2019\/06\/27-8273M19-scaled.jpg\" width=\"2560\" height=\"1224\" alt=\"\" srcset=\"https:\/\/famlight.eu\/wp-content\/uploads\/2019\/06\/27-8273M19-scaled.jpg 2560w, https:\/\/famlight.eu\/wp-content\/uploads\/2019\/06\/27-8273M19-300x143.jpg 300w, https:\/\/famlight.eu\/wp-content\/uploads\/2019\/06\/27-8273M19-1024x490.jpg 1024w, https:\/\/famlight.eu\/wp-content\/uploads\/2019\/06\/27-8273M19-768x367.jpg 768w, https:\/\/famlight.eu\/wp-content\/uploads\/2019\/06\/27-8273M19-1536x734.jpg 1536w, https:\/\/famlight.eu\/wp-content\/uploads\/2019\/06\/27-8273M19-2048x979.jpg 2048w, https:\/\/famlight.eu\/wp-content\/uploads\/2019\/06\/27-8273M19-scaled-uai-516x247.jpg 516w\" sizes=\"(max-width: 2560px) 100vw, 2560px\" \/><\/div>\n\t\t\t\t\t<\/div>\n\t\t\t\t<\/div><\/div><\/div><\/div><\/div><\/div><\/div><\/div><\/div><\/div><script id=\"script-row-unique-0\" data-row=\"script-row-unique-0\" type=\"text\/javascript\" class=\"vc_controls\">UNCODE.initRow(document.getElementById(\"row-unique-0\"));<\/script><\/div><\/div><\/div><div data-parent=\"true\" class=\"vc_row has-bg need-focus style-color-xsdn-bg row-container\" id=\"row-unique-1\"><div class=\"row-background background-element\" style=\"opacity: 1;\">\n\t\t\t\t\t\t\t\t\t\t\t<div class=\"background-wrapper\">\n\t\t\t\t\t\t\t\t\t\t\t\t<div class=\"background-inner\"><\/div>\n\t\t\t\t\t\t\t\t\t\t\t\t<div class=\"block-bg-overlay style-color-nhtu-bg\" style=\"opacity: 0;\"><\/div>\n\t\t\t\t\t\t\t\t\t\t\t<\/div>\n\t\t\t\t\t\t\t\t\t\t<\/div><div class=\"row limit-width row-parent\"><div class=\"wpb_row row-inner\"><div class=\"wpb_column pos-top pos-center align_center column_parent col-lg-12 single-internal-gutter\"><div class=\"uncol style-light\"  ><div class=\"uncoltable\"><div class=\"uncell no-block-padding\" ><div class=\"column-background background-element\" style=\"opacity: 1;\">\n\t\t\t\t\t\t\t\t\t\t\t<div class=\"background-wrapper\">\n\t\t\t\t\t\t\t\t\t\t\t\t<div class=\"background-inner\"><\/div>\n\t\t\t\t\t\t\t\t\t\t\t\t<div class=\"block-bg-overlay style-color-xsdn-bg\" style=\"opacity: 0;\"><\/div>\n\t\t\t\t\t\t\t\t\t\t\t<\/div>\n\t\t\t\t\t\t\t\t\t\t<\/div><div class=\"uncont\" ><div class=\"vc_custom_heading_wrap\"><div class=\"heading-text el-text\" ><h2 class=\"font-555555 h2 text-color-dfgh-color\" ><span><\/p><\/span><span><h2 style=\"text-align: center;\"><span class=\"font-869685\">What makes us stand out?<\/span><\/h2><\/span><span><p><\/span><\/h2><\/div><div class=\"clear\"><\/div><\/div><\/div><\/div><\/div><\/div><\/div><script id=\"script-row-unique-1\" data-row=\"script-row-unique-1\" type=\"text\/javascript\" class=\"vc_controls\">UNCODE.initRow(document.getElementById(\"row-unique-1\"));<\/script><\/div><\/div><\/div><div data-parent=\"true\" class=\"vc_row has-bg need-focus style-color-xsdn-bg row-container\" id=\"row-unique-2\"><div class=\"row-background background-element\" style=\"opacity: 1;\">\n\t\t\t\t\t\t\t\t\t\t\t<div class=\"background-wrapper\">\n\t\t\t\t\t\t\t\t\t\t\t\t<div class=\"background-inner\"><\/div>\n\t\t\t\t\t\t\t\t\t\t\t\t<div class=\"block-bg-overlay style-color-wayh-bg\" style=\"opacity: 0;\"><\/div>\n\t\t\t\t\t\t\t\t\t\t\t<\/div>\n\t\t\t\t\t\t\t\t\t\t<\/div><div class=\"row triple-top-padding triple-bottom-padding single-h-padding full-width row-parent\"><div class=\"wpb_row row-inner\"><div class=\"wpb_column pos-top pos-center align_left column_parent col-lg-4 single-internal-gutter\"><div class=\"uncol style-light\"  ><div class=\"uncoltable\"><div class=\"uncell no-block-padding\" ><div class=\"uncont\" ><div class=\"uncode_text_column text-lead left-t-right animate_when_almost_visible\" ><\/p>\n<p style=\"text-align: center;\"><strong>A wide range of colors<\/strong><\/p>\n<p style=\"text-align: center;\">Thanks to the variety of colors, we can choose a lamp for any interior.<\/p>\n<p>\n<\/div><\/div><\/div><\/div><\/div><\/div><div class=\"wpb_column pos-top pos-center align_left column_parent col-lg-4 single-internal-gutter\"><div class=\"uncol style-light\"  ><div class=\"uncoltable\"><div class=\"uncell no-block-padding\" ><div class=\"uncont\" ><div class=\"uncode_text_column text-lead zoom-in animate_when_almost_visible\" ><\/p>\n<p style=\"text-align: center;\"><strong>The ability to personalize the product<\/strong><\/p>\n<p style=\"text-align: center;\">Dzi\u0119ki mo\u017cliwo\u015bci spersonalizowania produktu, mo\u017cemy stworzy\u0107 wyj\u0105tkow\u0105 i niepowtarzaln\u0105 lamp\u0119 dostosowan\u0105 do&nbsp; nawet bardzo wymagaj\u0105cych projekt\u00f3w.<\/p>\n<p>\n<\/div><\/div><\/div><\/div><\/div><\/div><div class=\"wpb_column pos-top pos-center align_center column_parent col-lg-4 single-internal-gutter\"><div class=\"uncol style-light\"  ><div class=\"uncoltable\"><div class=\"uncell no-block-padding\" ><div class=\"uncont\" style=\" max-width:624px;\" ><div class=\"uncode_text_column text-lead right-t-left animate_when_almost_visible\" ><p><strong>Handmade Polish production<\/strong><\/p>\n<p>Our products are hand-made in Poland, we drown metals such as brass, stainless steel and copper.<\/p>\n<\/div><\/div><\/div><\/div><\/div><\/div><script id=\"script-row-unique-2\" data-row=\"script-row-unique-2\" type=\"text\/javascript\" class=\"vc_controls\">UNCODE.initRow(document.getElementById(\"row-unique-2\"));<\/script><\/div><\/div><\/div><div data-parent=\"true\" class=\"vc_row overflow-hidden row-container\" id=\"row-unique-3\"><div class=\"row unequal col-no-gutter no-top-padding no-bottom-padding no-h-padding full-width row-parent\" data-height-ratio=\"75\"><div class=\"wpb_row row-inner\"><div class=\"wpb_column pos-middle pos-center align_left column_parent col-lg-6 no-internal-gutter\"><div class=\"uncol style-light animate_when_almost_visible bottom-t-top\"  data-delay=\"200\"><div class=\"uncoltable\"><div class=\"uncell no-block-padding\" ><div class=\"uncont\" ><div class=\"vc_row style-color-xsdn-bg row-internal row-container\"><div class=\"row unequal col-no-gutter row-child\" data-height=\"60\"><div class=\"wpb_row row-inner\"><div class=\"wpb_column pos-top pos-center align_left column_child col-lg-6 single-internal-gutter\"><div class=\"uncol style-light\" ><div class=\"uncoltable\"><div class=\"uncell no-block-padding\" ><div class=\"uncont\" ><div class=\"uncode-single-media  text-center animate_when_almost_visible zoom-in\"><div class=\"single-wrapper\" style=\"max-width: 100%;\"><a class=\"single-media-link\" href=\"https:\/\/famlight.eu\/pl\/lampy\/laut\/\"><div class=\"tmb tmb-light  tmb-media-first tmb-media-last tmb-content-overlay tmb-no-bg\"><div class=\"t-inside\"><div class=\"t-entry-visual\"><div class=\"t-entry-visual-tc\"><div class=\"uncode-single-media-wrapper\"><img decoding=\"async\" class=\"wp-image-123480\" src=\"https:\/\/famlight.eu\/wp-content\/uploads\/2022\/01\/Laut-Pend.jpg\" width=\"1767\" height=\"2500\" alt=\"\" srcset=\"https:\/\/famlight.eu\/wp-content\/uploads\/2022\/01\/Laut-Pend.jpg 1767w, https:\/\/famlight.eu\/wp-content\/uploads\/2022\/01\/Laut-Pend-212x300.jpg 212w, https:\/\/famlight.eu\/wp-content\/uploads\/2022\/01\/Laut-Pend-724x1024.jpg 724w, https:\/\/famlight.eu\/wp-content\/uploads\/2022\/01\/Laut-Pend-768x1087.jpg 768w, https:\/\/famlight.eu\/wp-content\/uploads\/2022\/01\/Laut-Pend-1086x1536.jpg 1086w, https:\/\/famlight.eu\/wp-content\/uploads\/2022\/01\/Laut-Pend-1448x2048.jpg 1448w, https:\/\/famlight.eu\/wp-content\/uploads\/2022\/01\/Laut-Pend-8x12.jpg 8w, https:\/\/famlight.eu\/wp-content\/uploads\/2022\/01\/Laut-Pend-uai-258x365.jpg 258w, https:\/\/famlight.eu\/wp-content\/uploads\/2022\/01\/Laut-Pend-uai-516x730.jpg 516w, https:\/\/famlight.eu\/wp-content\/uploads\/2022\/01\/Laut-Pend-uai-1032x1460.jpg 1032w, https:\/\/famlight.eu\/wp-content\/uploads\/2022\/01\/Laut-Pend-uai-720x1019.jpg 720w, https:\/\/famlight.eu\/wp-content\/uploads\/2022\/01\/Laut-Pend-uai-1440x2037.jpg 1440w\" sizes=\"(max-width: 1767px) 100vw, 1767px\" \/><\/div>\n\t\t\t\t\t<\/div>\n\t\t\t\t<\/div><\/div><\/div><\/a><\/div><\/div><\/div><\/div><\/div><\/div><\/div><div class=\"wpb_column pos-middle pos-center align_left align_center_mobile column_child col-lg-6 col-md-50 half-internal-gutter\"><div class=\"uncol style-spec style-dark font-202503\" ><div class=\"uncoltable\"><div class=\"uncell double-block-padding\" ><div class=\"uncont\" ><div class=\"uncode_text_column text-lead text-color-wayh-color\" ><\/p>\n<p style=\"text-align: center;\"><span class=\"font-555555\">It is the details that matter, they crown the whole creating a beautiful, unique product made entirely by hand. We are pleased to present you the unique Handmade glass lamps in Poland.<\/span><\/p>\n<p>\n<\/div><\/div><\/div><\/div><\/div><\/div><\/div><\/div><\/div><div class=\"vc_row row-internal row-container tablet-hidden mobile-hidden\"><div class=\"row-background background-element\">\n\t\t\t\t\t\t\t\t\t\t\t<div class=\"background-wrapper\">\n\t\t\t\t\t\t\t\t\t\t\t\t<div class=\"background-inner\" style=\"background-image: url(https:\/\/famlight.eu\/wp-content\/uploads\/2022\/01\/Ceylon.jpg);background-repeat: no-repeat;background-position: center center;background-attachment: scroll;background-size: cover;\"><\/div>\n\t\t\t\t\t\t\t\t\t\t\t\t\n\t\t\t\t\t\t\t\t\t\t\t<\/div>\n\t\t\t\t\t\t\t\t\t\t<\/div><div class=\"row row-child\" data-height=\"45\"><div class=\"wpb_row row-inner\"><div class=\"wpb_column pos-top pos-center align_left column_child col-lg-12 single-internal-gutter\"><div class=\"uncol style-light\" ><div class=\"uncoltable\"><div class=\"uncell no-block-padding\" ><div class=\"uncont\" ><\/div><\/div><\/div><\/div><\/div><\/div><\/div><\/div><\/div><\/div><\/div><\/div><\/div><div class=\"wpb_column pos-top pos-center align_left column_parent col-lg-6 no-internal-gutter\"><div class=\"uncol style-light animate_when_almost_visible bottom-t-top\"  data-delay=\"600\"><div class=\"uncoltable\"><div class=\"uncell single-block-padding style-color-xsdn-bg has-bg\" ><div class=\"uncont\" ><div class=\"vc_row row-internal row-container\"><div class=\"row-background background-element\">\n\t\t\t\t\t\t\t\t\t\t\t<div class=\"background-wrapper\">\n\t\t\t\t\t\t\t\t\t\t\t\t<div class=\"background-inner\" style=\"background-image: url(https:\/\/famlight.eu\/wp-content\/uploads\/2022\/01\/Bacan-6-scaled.jpg);background-repeat: no-repeat;background-position: center center;background-attachment: scroll;background-size: cover;\"><\/div>\n\t\t\t\t\t\t\t\t\t\t\t\t\n\t\t\t\t\t\t\t\t\t\t\t<\/div>\n\t\t\t\t\t\t\t\t\t\t<\/div><div class=\"row row-child\" data-height=\"60\"><div class=\"wpb_row row-inner\"><div class=\"wpb_column pos-top pos-center align_left column_child col-lg-12 single-internal-gutter\"><div class=\"uncol style-light\" ><div class=\"uncoltable\" style=\"min-height: 280px;\"><div class=\"uncell no-block-padding\" ><div class=\"uncont\" ><\/div><\/div><\/div><\/div><\/div><\/div><\/div><\/div><div class=\"vc_row style-color-xsdn-bg row-internal row-container\"><div class=\"row unequal col-no-gutter row-child\" data-height=\"91\"><div class=\"wpb_row row-inner\"><div class=\"wpb_column pos-middle pos-center align_left align_center_mobile column_child col-lg-6 col-md-50 single-internal-gutter\"><div class=\"uncol style-spec style-dark\" ><div class=\"uncoltable\"><div class=\"uncell double-block-padding\" ><div class=\"uncont\" ><div class=\"uncode_text_column text-lead text-color-wayh-color\" ><\/p>\n<p style=\"text-align: center;\"><span class=\"font-238889\">FAMLIGHT is a family company with over 20 years of experience and passion for glass. Our brand was created to combine the beauty of light and glass, finished with hand-turned metal.<\/span><\/p>\n<p>\n<\/div><\/div><\/div><\/div><\/div><\/div><div class=\"wpb_column pos-top pos-center align_left column_child col-lg-6 col-md-50 single-internal-gutter\"><div class=\"uncol style-light\" ><div class=\"uncoltable\" style=\"min-height: 280px;\"><div class=\"uncell single-block-padding\" ><div class=\"column-background background-element\">\n\t\t\t\t\t\t\t\t\t\t\t<div class=\"background-wrapper\">\n\t\t\t\t\t\t\t\t\t\t\t\t<div class=\"background-inner\" style=\"background-image: url(https:\/\/famlight.eu\/wp-content\/uploads\/2022\/01\/Muna-M19-2.png);background-repeat: no-repeat;background-position: center center;background-size: cover;\" data-o_src=\"https:\/\/famlight.eu\/wp-content\/uploads\/2022\/01\/Muna-M19-2.png\"><\/div>\n\t\t\t\t\t\t\t\t\t\t\t\t\n\t\t\t\t\t\t\t\t\t\t\t<\/div>\n\t\t\t\t\t\t\t\t\t\t<\/div><div class=\"uncont\" ><\/div><\/div><\/div><\/div><\/div><\/div><\/div><\/div><\/div><\/div><\/div><\/div><\/div><script id=\"script-row-unique-3\" data-row=\"script-row-unique-3\" type=\"text\/javascript\" class=\"vc_controls\">UNCODE.initRow(document.getElementById(\"row-unique-3\"));<\/script><\/div><\/div><\/div><div data-parent=\"true\" class=\"vc_row has-bg need-focus style-color-xsdn-bg row-container\" id=\"row-unique-4\"><div class=\"row limit-width row-parent\" data-height-ratio=\"40\"><div class=\"wpb_row row-inner\"><div class=\"wpb_column pos-top pos-center align_center column_parent col-lg-12 single-internal-gutter\"><div class=\"uncol style-light\"  ><div class=\"uncoltable\"><div class=\"uncell no-block-padding\" ><div class=\"uncont\" ><div class=\"divider-wrapper\"  >\n    <hr class=\"unseparator border-color-xsdn-color separator-no-padding\"  \/>\n<\/div>\n<div class=\"uncode-single-media  text-left\"><div class=\"single-wrapper\" style=\"max-width: 100%;\"><div class=\"tmb tmb-light  tmb-media-first tmb-media-last tmb-content-overlay tmb-no-bg\"><div class=\"t-inside\"><div class=\"t-entry-visual\"><div class=\"t-entry-visual-tc\"><div class=\"uncode-single-media-wrapper\"><img decoding=\"async\" class=\"wp-image-122830\" src=\"https:\/\/famlight.eu\/wp-content\/uploads\/2021\/06\/Stopka-strona-1024x117-2.png\" width=\"900\" height=\"204\" alt=\"\" srcset=\"https:\/\/famlight.eu\/wp-content\/uploads\/2021\/06\/Stopka-strona-1024x117-2.png 900w, https:\/\/famlight.eu\/wp-content\/uploads\/2021\/06\/Stopka-strona-1024x117-2-300x68.png 300w, https:\/\/famlight.eu\/wp-content\/uploads\/2021\/06\/Stopka-strona-1024x117-2-768x174.png 768w, https:\/\/famlight.eu\/wp-content\/uploads\/2021\/06\/Stopka-strona-1024x117-2-16x4.png 16w\" sizes=\"(max-width: 900px) 100vw, 900px\" \/><\/div>\n\t\t\t\t\t<\/div>\n\t\t\t\t<\/div><\/div><\/div><\/div><\/div><\/div><\/div><\/div><\/div><\/div><script id=\"script-row-unique-4\" data-row=\"script-row-unique-4\" type=\"text\/javascript\" class=\"vc_controls\">UNCODE.initRow(document.getElementById(\"row-unique-4\"));<\/script><\/div><\/div><\/div>\n<\/div>","protected":false},"excerpt":{"rendered":"Co nas wyr\u00f3\u017cnia? Szeroka gama kolorystyczna Dzi\u0119ki r\u00f3\u017cnorodno\u015bci kolorystycznej, mo\u017cemy dobra\u0107 lamp\u0119 do ka\u017cdego wn\u0119trza. Mo\u017cliwo\u015b\u0107 personalizacji produktu Dzi\u0119ki mo\u017cliwo\u015bci [...]","protected":false},"author":1,"featured_media":0,"parent":0,"menu_order":0,"comment_status":"closed","ping_status":"closed","template":"","meta":{"_acf_changed":false,"_monsterinsights_skip_tracking":false,"_monsterinsights_sitenote_active":false,"_monsterinsights_sitenote_note":"","_monsterinsights_sitenote_category":0,"ngg_post_thumbnail":0,"footnotes":""},"class_list":["post-54948","page","type-page","status-publish","hentry"],"acf":[],"aioseo_notices":[],"_links":{"self":[{"href":"https:\/\/famlight.eu\/en\/wp-json\/wp\/v2\/pages\/54948","targetHints":{"allow":["GET"]}}],"collection":[{"href":"https:\/\/famlight.eu\/en\/wp-json\/wp\/v2\/pages"}],"about":[{"href":"https:\/\/famlight.eu\/en\/wp-json\/wp\/v2\/types\/page"}],"author":[{"embeddable":true,"href":"https:\/\/famlight.eu\/en\/wp-json\/wp\/v2\/users\/1"}],"replies":[{"embeddable":true,"href":"https:\/\/famlight.eu\/en\/wp-json\/wp\/v2\/comments?post=54948"}],"version-history":[{"count":94,"href":"https:\/\/famlight.eu\/en\/wp-json\/wp\/v2\/pages\/54948\/revisions"}],"predecessor-version":[{"id":123488,"href":"https:\/\/famlight.eu\/en\/wp-json\/wp\/v2\/pages\/54948\/revisions\/123488"}],"wp:attachment":[{"href":"https:\/\/famlight.eu\/en\/wp-json\/wp\/v2\/media?parent=54948"}],"curies":[{"name":"wp","href":"https:\/\/api.w.org\/{rel}","templated":true}]}}