{"id":73025,"date":"2019-02-10T11:12:48","date_gmt":"2019-02-10T10:12:48","guid":{"rendered":"http:\/\/dev.famlight.eu\/?page_id=73025"},"modified":"2020-05-28T13:02:04","modified_gmt":"2020-05-28T11:02:04","slug":"faq","status":"publish","type":"page","link":"https:\/\/famlight.eu\/de\/faq\/","title":{"rendered":"FAQ"},"content":{"rendered":"<div class=\"wpb-content-wrapper\"><div data-parent=\"true\" class=\"vc_row row-container\" id=\"row-unique-0\"><div class=\"row limit-width row-parent\"><div class=\"wpb_row row-inner\"><div class=\"wpb_column pos-middle pos-center align_center column_parent col-lg-12 single-internal-gutter\"><div class=\"uncol style-light\"  ><div class=\"uncoltable\"><div class=\"uncell no-block-padding\" ><div class=\"uncont\" ><div class=\"vc_custom_heading_wrap\"><div class=\"heading-text el-text\" ><\/p>\n<h2><em><span class=\"font-869685 font-555555\">H\u00e4ufig gestellte Fragen<\/span><\/em><\/h2>\n<p>\n<\/div><div class=\"clear\"><\/div><\/div><\/div><\/div><\/div><\/div><\/div><script id=\"script-row-unique-0\" data-row=\"script-row-unique-0\" type=\"text\/javascript\" class=\"vc_controls\">UNCODE.initRow(document.getElementById(\"row-unique-0\"));<\/script><\/div><\/div><\/div><div data-parent=\"true\" class=\"vc_row row-container\" id=\"row-unique-1\"><div class=\"row unequal full-width row-parent\"><div class=\"wpb_row row-inner\"><div class=\"wpb_column pos-middle pos-center align_left column_parent col-lg-6 single-internal-gutter\"><div class=\"uncol style-light shift_y_neg_triple shift_y_fixed\"  ><div class=\"uncoltable\"><div class=\"uncell double-block-padding style-color-xsdn-bg has-bg\" ><div class=\"uncont\" ><div class=\"vc_custom_heading_wrap\"><div class=\"heading-text el-text\" ><\/p>\n<h5><strong><span class=\"font-869685 font-555555\">Kann ich eine andere Glasbase w\u00e4hlen?<\/span><\/strong><\/h5>\n<div ><p>Leider nicht. Sie k\u00f6nnen frei zwischen den Designs w\u00e4hlen, die wir haben.<\/p>\n<\/div><\/div><div class=\"clear\"><\/div><\/div><div class=\"vc_custom_heading_wrap\"><div class=\"heading-text el-text\" ><\/p>\n<h5><span class=\"font-869685 font-555555\">Kann ich die Kabell\u00e4nge \u00e4ndern?<\/span><\/h5>\n<div ><p>Wir k\u00f6nnen das Kabel frei verl\u00e4ngern oder verk\u00fcrzen. Denken Sie daran, \u00c4nderungen bei der Bestellung zu markieren.<\/p>\n<\/div><\/div><div class=\"clear\"><\/div><\/div><div class=\"vc_custom_heading_wrap\"><div class=\"heading-text el-text\" ><\/p>\n<h5><span class=\"font-869685 font-555555\">K\u00f6nnen Lampen direkt bei Ihnen gekauft werden?\u00a0<\/span><\/h5>\n<div ><p>Nein, als Produzent verkaufen wir keinen Einzelhandel, aber wir leiten Sie gerne zu einem Vertriebspunkt.<\/p>\n<\/div><\/div><div class=\"clear\"><\/div><\/div><div class=\"vc_custom_heading_wrap\"><div class=\"heading-text el-text\" ><\/p>\n<h5><span class=\"font-869685 font-555555\">Kann ich die Farbe der Metalloberfl\u00e4che \u00e4ndern?<\/span><\/h5>\n<div ><p>Nat\u00fcrlich geben Sie bei der Bestellung an, welche Art von Metall Sie als Finish haben m\u00f6chten.<\/p>\n<\/div><\/div><div class=\"clear\"><\/div><\/div><\/div><\/div><\/div><\/div><\/div><div class=\"wpb_column pos-middle pos-center align_center column_parent col-lg-6 single-internal-gutter\"><div class=\"uncol style-light\"  ><div class=\"uncoltable\"><div class=\"uncell no-block-padding\" ><div class=\"uncont\" ><div class=\"uncode-single-media  text-left\"><div class=\"single-wrapper\" style=\"max-width: 100%;\"><div class=\"tmb tmb-light  tmb-media-first tmb-media-last tmb-content-overlay tmb-no-bg\"><div class=\"t-inside\"><div class=\"t-entry-visual\"><div class=\"t-entry-visual-tc\"><div class=\"uncode-single-media-wrapper\"><img decoding=\"async\" class=\"wp-image-74368\" src=\"https:\/\/famlight.eu\/wp-content\/uploads\/2020\/05\/DSC2226b-copy-scaled.jpg\" width=\"1709\" height=\"2560\" alt=\"\" srcset=\"https:\/\/famlight.eu\/wp-content\/uploads\/2020\/05\/DSC2226b-copy-scaled.jpg 1709w, https:\/\/famlight.eu\/wp-content\/uploads\/2020\/05\/DSC2226b-copy-200x300.jpg 200w, https:\/\/famlight.eu\/wp-content\/uploads\/2020\/05\/DSC2226b-copy-683x1024.jpg 683w, https:\/\/famlight.eu\/wp-content\/uploads\/2020\/05\/DSC2226b-copy-768x1151.jpg 768w, https:\/\/famlight.eu\/wp-content\/uploads\/2020\/05\/DSC2226b-copy-1025x1536.jpg 1025w, https:\/\/famlight.eu\/wp-content\/uploads\/2020\/05\/DSC2226b-copy-1367x2048.jpg 1367w\" sizes=\"(max-width: 1709px) 100vw, 1709px\" \/><\/div>\n\t\t\t\t\t<\/div>\n\t\t\t\t<\/div><\/div><\/div><\/div><\/div><\/div><\/div><\/div><\/div><\/div><script id=\"script-row-unique-1\" data-row=\"script-row-unique-1\" type=\"text\/javascript\" class=\"vc_controls\">UNCODE.initRow(document.getElementById(\"row-unique-1\"));<\/script><\/div><\/div><\/div><div data-parent=\"true\" class=\"vc_row row-container\" id=\"row-unique-2\"><div class=\"row limit-width row-parent\"><div class=\"wpb_row row-inner\"><div class=\"wpb_column pos-top pos-center align_center column_parent col-lg-12 single-internal-gutter\"><div class=\"uncol style-light\"  ><div class=\"uncoltable\"><div class=\"uncell no-block-padding\" ><div class=\"uncont\" ><div class=\"uncode-wrapper uncode-share\" ><div class=\"share-button share-buttons share-inline only-icon\" data-url=\"\"><\/div><\/div><\/div><\/div><\/div><\/div><\/div><script id=\"script-row-unique-2\" data-row=\"script-row-unique-2\" type=\"text\/javascript\" class=\"vc_controls\">UNCODE.initRow(document.getElementById(\"row-unique-2\"));<\/script><\/div><\/div><\/div>\n<\/div>","protected":false},"excerpt":{"rendered":"Najcz\u0119\u015bciej zadawane pytania Czy mog\u0119 wybra\u0107 inny kszta\u0142t klosza? Niestety nie. Dowolnie, mo\u017cna wybiera\u0107 po\u015br\u00f3d wzor\u00f3w kt\u00f3re posiadamy. Czy mog\u0119 [...]","protected":false},"author":1,"featured_media":0,"parent":0,"menu_order":0,"comment_status":"closed","ping_status":"closed","template":"","meta":{"_acf_changed":false,"_monsterinsights_skip_tracking":false,"_monsterinsights_sitenote_active":false,"_monsterinsights_sitenote_note":"","_monsterinsights_sitenote_category":0,"ngg_post_thumbnail":0,"footnotes":""},"class_list":["post-73025","page","type-page","status-publish","hentry"],"acf":[],"aioseo_notices":[],"_links":{"self":[{"href":"https:\/\/famlight.eu\/de\/wp-json\/wp\/v2\/pages\/73025","targetHints":{"allow":["GET"]}}],"collection":[{"href":"https:\/\/famlight.eu\/de\/wp-json\/wp\/v2\/pages"}],"about":[{"href":"https:\/\/famlight.eu\/de\/wp-json\/wp\/v2\/types\/page"}],"author":[{"embeddable":true,"href":"https:\/\/famlight.eu\/de\/wp-json\/wp\/v2\/users\/1"}],"replies":[{"embeddable":true,"href":"https:\/\/famlight.eu\/de\/wp-json\/wp\/v2\/comments?post=73025"}],"version-history":[{"count":17,"href":"https:\/\/famlight.eu\/de\/wp-json\/wp\/v2\/pages\/73025\/revisions"}],"predecessor-version":[{"id":74371,"href":"https:\/\/famlight.eu\/de\/wp-json\/wp\/v2\/pages\/73025\/revisions\/74371"}],"wp:attachment":[{"href":"https:\/\/famlight.eu\/de\/wp-json\/wp\/v2\/media?parent=73025"}],"curies":[{"name":"wp","href":"https:\/\/api.w.org\/{rel}","templated":true}]}}