{"id":114569,"date":"2021-05-06T09:54:55","date_gmt":"2021-05-06T07:54:55","guid":{"rendered":"https:\/\/famlight.eu\/?page_id=114569"},"modified":"2021-05-06T10:19:58","modified_gmt":"2021-05-06T08:19:58","slug":"targi-warsaw-home-2019","status":"publish","type":"page","link":"https:\/\/famlight.eu\/de\/targi-warsaw-home-2019\/","title":{"rendered":"Targi Warsaw Home 2019"},"content":{"rendered":"<div class=\"wpb-content-wrapper\"><div data-parent=\"true\" class=\"vc_row row-container\" id=\"row-unique-0\"><div class=\"row limit-width row-parent\"><div class=\"wpb_row row-inner\"><div class=\"wpb_column pos-top pos-center align_left column_parent col-lg-12 single-internal-gutter\"><div class=\"uncol style-light\"  ><div class=\"uncoltable\"><div class=\"uncell no-block-padding\" ><div class=\"uncont\" ><div class=\"vc_custom_heading_wrap\"><div class=\"heading-text el-text\" ><h2 class=\"h2\" ><span>Targi Warsaw Home 2019<\/span><\/h2><\/div><div class=\"clear\"><\/div><\/div><\/div><\/div><\/div><\/div><\/div><script id=\"script-row-unique-0\" data-row=\"script-row-unique-0\" type=\"text\/javascript\" class=\"vc_controls\">UNCODE.initRow(document.getElementById(\"row-unique-0\"));<\/script><\/div><\/div><\/div><div data-parent=\"true\" class=\"vc_row row-container\" id=\"row-unique-1\"><div class=\"row limit-width row-parent\"><div class=\"wpb_row row-inner\"><div class=\"wpb_column pos-top pos-center align_left column_parent col-lg-6 single-internal-gutter\"><div class=\"uncol style-light\"  ><div class=\"uncoltable\"><div class=\"uncell no-block-padding\" ><div class=\"uncont\" ><div class=\"uncode_text_column\" ><p>Warsaw Home \u2013 Tegoroczna, czwarta ju\u017c edycja targ\u00f3w Warsaw Home odby\u0142a si\u0119 w podwarszawskim Nadarzynie, w dniach od 3 do 6 pa\u017adziernika. Targi po\u015bwi\u0119cone designowi z roku na rok zyskuj\u0105 coraz wi\u0119ksze zainteresowanie.. Biznesowe targi wyposa\u017cenia wn\u0119trz, kt\u00f3re co roku przyci\u0105gaj\u0105 dziesi\u0105tki tysi\u0119cy entuzjast\u00f3w dobrego designu. Przez cztery dni ka\u017cdy m\u00f3g\u0142 posmakowa\u0107, poczu\u0107 i zobaczy\u0107 jak wygl\u0105da\u0107 b\u0119dzie najbli\u017csza przysz\u0142o\u015b\u0107 we wzornictwie. Tak\u017ce na naszym stoisku pojawi\u0142y si\u0119 nowo\u015bci! Zapraszamy serdecznie do obejrzenia relacji z Warsaw Home.<\/p>\n<\/div><\/div><\/div><\/div><\/div><\/div><div class=\"wpb_column pos-top pos-center align_left column_parent col-lg-6 single-internal-gutter\"><div class=\"uncol style-light\"  ><div class=\"uncoltable\"><div class=\"uncell no-block-padding\" ><div class=\"uncont\" ><div class=\"uncode-single-media  text-left\"><div class=\"single-wrapper\" style=\"max-width: 100%;\"><div class=\"tmb tmb-light  tmb-media-first tmb-media-last tmb-content-overlay tmb-no-bg\"><div class=\"t-inside\"><div class=\"t-entry-visual\"><div class=\"t-entry-visual-tc\"><div class=\"uncode-single-media-wrapper\"><img decoding=\"async\" class=\"wp-image-114573\" src=\"https:\/\/famlight.eu\/wp-content\/uploads\/2021\/05\/3-WAW-2019.jpg\" width=\"523\" height=\"359\" alt=\"\" srcset=\"https:\/\/famlight.eu\/wp-content\/uploads\/2021\/05\/3-WAW-2019.jpg 523w, https:\/\/famlight.eu\/wp-content\/uploads\/2021\/05\/3-WAW-2019-300x206.jpg 300w, https:\/\/famlight.eu\/wp-content\/uploads\/2021\/05\/3-WAW-2019-16x12.jpg 16w\" sizes=\"(max-width: 523px) 100vw, 523px\" \/><\/div>\n\t\t\t\t\t<\/div>\n\t\t\t\t<\/div><\/div><\/div><\/div><\/div><\/div><\/div><\/div><\/div><\/div><script id=\"script-row-unique-1\" data-row=\"script-row-unique-1\" type=\"text\/javascript\" class=\"vc_controls\">UNCODE.initRow(document.getElementById(\"row-unique-1\"));<\/script><\/div><\/div><\/div><div data-parent=\"true\" class=\"vc_row row-container\" id=\"row-unique-2\"><div class=\"row limit-width row-parent\"><div class=\"wpb_row row-inner\"><div class=\"wpb_column pos-top pos-center align_left column_parent col-lg-12 single-internal-gutter\"><div class=\"uncol style-light\"  ><div class=\"uncoltable\"><div class=\"uncell no-block-padding\" ><div class=\"uncont\" ><div id=\"gallery-140979\" class=\"un-media-gallery isotope-system isotope-general-light grid-general-light\">\n\t\t\t\t\t\n\t\n\t<div class=\"isotope-wrapper grid-wrapper single-gutter\" >\n\t\t\t\t\t\t\t\t\t<div class=\"isotope-container isotope-layout style-masonry\" data-type=\"masonry\" data-layout=\"masonry\" data-lg=\"1000\" data-md=\"600\" data-sm=\"480\">\n<div class=\"tmb tmb-iso-w4 tmb-iso-h4 tmb-light tmb-overlay-text-anim tmb-overlay-anim tmb-overlay-middle tmb-overlay-text-left tmb-image-anim tmb-bordered tmb-id-114574  tmb-media-first tmb-media-last tmb-content-overlay tmb-no-bg tmb-lightbox\" ><div class=\"t-inside no-anim\" ><div class=\"t-entry-visual\"><div class=\"t-entry-visual-tc\"><div class=\"t-entry-visual-cont\"><div class=\"dummy\" style=\"padding-top: 116%;\"><\/div><a href=\"https:\/\/famlight.eu\/wp-content\/uploads\/2021\/05\/WAW-2019.jpg\"  class=\"pushed\" data-active=\"1\" data-lbox=\"ilightbox_gallery-140979\" data-options=\"width:605,height:702,thumbnail: 'https:\/\/famlight.eu\/wp-content\/uploads\/2021\/05\/WAW-2019-259x300.jpg'\" data-lb-index=\"0\"><div class=\"t-entry-visual-overlay\"><div class=\"t-entry-visual-overlay-in style-dark-bg\" style=\"opacity: 0.5;\"><\/div><\/div><img decoding=\"async\" class=\"wp-image-114574\" src=\"https:\/\/famlight.eu\/wp-content\/uploads\/2021\/05\/WAW-2019.jpg\" width=\"605\" height=\"702\" alt=\"\" srcset=\"https:\/\/famlight.eu\/wp-content\/uploads\/2021\/05\/WAW-2019.jpg 605w, https:\/\/famlight.eu\/wp-content\/uploads\/2021\/05\/WAW-2019-259x300.jpg 259w, https:\/\/famlight.eu\/wp-content\/uploads\/2021\/05\/WAW-2019-10x12.jpg 10w, https:\/\/famlight.eu\/wp-content\/uploads\/2021\/05\/WAW-2019-uai-516x599.jpg 516w\" sizes=\"(max-width: 605px) 100vw, 605px\" \/><\/a><\/div>\n\t\t\t\t\t<\/div>\n\t\t\t\t<\/div><\/div><\/div><div class=\"tmb tmb-iso-w4 tmb-iso-h4 tmb-light tmb-overlay-text-anim tmb-overlay-anim tmb-overlay-middle tmb-overlay-text-left tmb-image-anim tmb-bordered tmb-id-114572  tmb-media-first tmb-media-last tmb-content-overlay tmb-no-bg tmb-lightbox\" ><div class=\"t-inside no-anim\" ><div class=\"t-entry-visual\"><div class=\"t-entry-visual-tc\"><div class=\"t-entry-visual-cont\"><div class=\"dummy\" style=\"padding-top: 118.2%;\"><\/div><a href=\"https:\/\/famlight.eu\/wp-content\/uploads\/2021\/05\/2-WAW-2019.jpg\"  class=\"pushed\" data-active=\"1\" data-lbox=\"ilightbox_gallery-140979\" data-options=\"width:600,height:709,thumbnail: 'https:\/\/famlight.eu\/wp-content\/uploads\/2021\/05\/2-WAW-2019-254x300.jpg'\" data-lb-index=\"1\"><div class=\"t-entry-visual-overlay\"><div class=\"t-entry-visual-overlay-in style-dark-bg\" style=\"opacity: 0.5;\"><\/div><\/div><img decoding=\"async\" class=\"wp-image-114572\" src=\"https:\/\/famlight.eu\/wp-content\/uploads\/2021\/05\/2-WAW-2019.jpg\" width=\"600\" height=\"709\" alt=\"\" srcset=\"https:\/\/famlight.eu\/wp-content\/uploads\/2021\/05\/2-WAW-2019.jpg 600w, https:\/\/famlight.eu\/wp-content\/uploads\/2021\/05\/2-WAW-2019-254x300.jpg 254w, https:\/\/famlight.eu\/wp-content\/uploads\/2021\/05\/2-WAW-2019-10x12.jpg 10w, https:\/\/famlight.eu\/wp-content\/uploads\/2021\/05\/2-WAW-2019-uai-516x610.jpg 516w\" sizes=\"(max-width: 600px) 100vw, 600px\" \/><\/a><\/div>\n\t\t\t\t\t<\/div>\n\t\t\t\t<\/div><\/div><\/div><div class=\"tmb tmb-iso-w4 tmb-iso-h4 tmb-light tmb-overlay-text-anim tmb-overlay-anim tmb-overlay-middle tmb-overlay-text-left tmb-image-anim tmb-bordered tmb-id-114571  tmb-media-first tmb-media-last tmb-content-overlay tmb-no-bg tmb-lightbox\" ><div class=\"t-inside no-anim\" ><div class=\"t-entry-visual\"><div class=\"t-entry-visual-tc\"><div class=\"t-entry-visual-cont\"><div class=\"dummy\" style=\"padding-top: 121.6%;\"><\/div><a href=\"https:\/\/famlight.eu\/wp-content\/uploads\/2021\/05\/1-WAW-2019.jpg\"  class=\"pushed\" data-active=\"1\" data-lbox=\"ilightbox_gallery-140979\" data-options=\"width:578,height:703,thumbnail: 'https:\/\/famlight.eu\/wp-content\/uploads\/2021\/05\/1-WAW-2019-247x300.jpg'\" data-lb-index=\"2\"><div class=\"t-entry-visual-overlay\"><div class=\"t-entry-visual-overlay-in style-dark-bg\" style=\"opacity: 0.5;\"><\/div><\/div><img decoding=\"async\" class=\"wp-image-114571\" src=\"https:\/\/famlight.eu\/wp-content\/uploads\/2021\/05\/1-WAW-2019.jpg\" width=\"578\" height=\"703\" alt=\"\" srcset=\"https:\/\/famlight.eu\/wp-content\/uploads\/2021\/05\/1-WAW-2019.jpg 578w, https:\/\/famlight.eu\/wp-content\/uploads\/2021\/05\/1-WAW-2019-247x300.jpg 247w, https:\/\/famlight.eu\/wp-content\/uploads\/2021\/05\/1-WAW-2019-10x12.jpg 10w, https:\/\/famlight.eu\/wp-content\/uploads\/2021\/05\/1-WAW-2019-uai-516x628.jpg 516w\" sizes=\"(max-width: 578px) 100vw, 578px\" \/><\/a><\/div>\n\t\t\t\t\t<\/div>\n\t\t\t\t<\/div><\/div><\/div>\t\t\t<\/div>\n\t\t\t\t\t<\/div>\n\n\t\n\t\n\t\n<\/div>\n\n<\/div><\/div><\/div><\/div><\/div><script id=\"script-row-unique-2\" data-row=\"script-row-unique-2\" type=\"text\/javascript\" class=\"vc_controls\">UNCODE.initRow(document.getElementById(\"row-unique-2\"));<\/script><\/div><\/div><\/div>\n<\/div>","protected":false},"excerpt":{"rendered":"Targi Warsaw Home 2019Warsaw Home \u2013 Tegoroczna, czwarta ju\u017c edycja targ\u00f3w Warsaw Home odby\u0142a si\u0119 w podwarszawskim Nadarzynie, w dniach [...]","protected":false},"author":1,"featured_media":0,"parent":0,"menu_order":0,"comment_status":"closed","ping_status":"closed","template":"","meta":{"_acf_changed":false,"_monsterinsights_skip_tracking":false,"_monsterinsights_sitenote_active":false,"_monsterinsights_sitenote_note":"","_monsterinsights_sitenote_category":0,"ngg_post_thumbnail":0,"footnotes":""},"class_list":["post-114569","page","type-page","status-publish","hentry"],"acf":[],"aioseo_notices":[],"_links":{"self":[{"href":"https:\/\/famlight.eu\/de\/wp-json\/wp\/v2\/pages\/114569","targetHints":{"allow":["GET"]}}],"collection":[{"href":"https:\/\/famlight.eu\/de\/wp-json\/wp\/v2\/pages"}],"about":[{"href":"https:\/\/famlight.eu\/de\/wp-json\/wp\/v2\/types\/page"}],"author":[{"embeddable":true,"href":"https:\/\/famlight.eu\/de\/wp-json\/wp\/v2\/users\/1"}],"replies":[{"embeddable":true,"href":"https:\/\/famlight.eu\/de\/wp-json\/wp\/v2\/comments?post=114569"}],"version-history":[{"count":4,"href":"https:\/\/famlight.eu\/de\/wp-json\/wp\/v2\/pages\/114569\/revisions"}],"predecessor-version":[{"id":114600,"href":"https:\/\/famlight.eu\/de\/wp-json\/wp\/v2\/pages\/114569\/revisions\/114600"}],"wp:attachment":[{"href":"https:\/\/famlight.eu\/de\/wp-json\/wp\/v2\/media?parent=114569"}],"curies":[{"name":"wp","href":"https:\/\/api.w.org\/{rel}","templated":true}]}}